{"id":92,"date":"2026-02-18T15:46:38","date_gmt":"2026-02-18T14:46:38","guid":{"rendered":"https:\/\/neu.riek-kelsen.org\/?page_id=92"},"modified":"2026-02-20T03:01:47","modified_gmt":"2026-02-20T02:01:47","slug":"historia","status":"publish","type":"page","link":"https:\/\/neu.riek-kelsen.org\/de\/historia\/","title":{"rendered":"Geschichte"},"content":{"rendered":"<p>Das Netzwerk RIEK entstand im Jahr 2025 aus der Konvergenz verschiedener wissenschaftlicher Initiativen zur Erforschung des Denkens von Hans Kelsen, insbesondere jener, die mit der Ver\u00f6ffentlichung der spanischen \u00dcbersetzung des Werkes <em>Hans Kelsen. Biographie eines Rechtswissenschaftlers<\/em>von Thomas Olechowski in Kolumbien verbunden waren. In diesem Zusammenhang machte der akademische Dialog zwischen Forschenden aus Lateinamerika und Europa die M\u00f6glichkeit deutlich, ein dauerhaftes Kooperationsnetzwerk zu etablieren.<\/p>\n\n\n\n<p>Der erste Vorschlag zur institutionellen Ausgestaltung und zur Ausarbeitung eines Satzungsentwurfs wurde im Jahr 2025 im Rahmen der akademischen Austauschprozesse formuliert, aus denen das Netzwerk hervorging, und in Dialog mit Kolleginnen und Kollegen des Hans Kelsen-Instituts (Wien) sowie mit Fachleuten aus dem europ\u00e4ischen und lateinamerikanischen akademischen Umfeld weiterentwickelt, die sich der Erforschung von Leben und Werk Hans Kelsens sowie der Vertreter der Wiener rechtstheoretischen Schule widmen.<\/p>\n\n\n\n<p>Einen ma\u00dfgeblichen Meilenstein im Konsolidierungsprozess stellte die Durchf\u00fchrung des I. Kongresses des Netzwerks RIEK im Jahr 2026 dar, der in Bogot\u00e1 und Medell\u00edn stattfand, gemeinsam mit der Er\u00f6ffnungssitzung des Netzwerks, in deren Rahmen die Grundlagen seiner institutionellen Ausgestaltung und seiner internationalen Ausrichtung vorgestellt wurden.<\/p>\n\n\n\n<p>Seitdem hat sich das Netzwerk RIEK als ein kooperativer akademischer Raum konstituiert, der darauf ausgerichtet ist, die wissenschaftlichen Verbindungen zwischen Lateinamerika und Europa im Hinblick auf das Denken Hans Kelsens sowie auf die \u00fcbrigen Vertreter der Wiener rechtstheoretischen Schule zu st\u00e4rken.<\/p>\n\n\n\n<ul class=\"wp-block-list\">\n<li><a href=\"https:\/\/neu.riek-kelsen.org\/de\/mision-y-vision\/\" target=\"_blank\" rel=\"noopener\" title=\"Mission und Vision\">Mission und Vision<\/a><\/li>\n\n\n\n<li><a href=\"https:\/\/neu.riek-kelsen.org\/de\/objetivos\/\" target=\"_blank\" rel=\"noopener\" title=\"Ziele\">Ziele<\/a><\/li>\n\n\n\n<li><a href=\"https:\/\/neu.riek-kelsen.org\/de\/gobernanza\/\" target=\"_blank\" rel=\"noopener\" title=\"Leitungsstruktur\">Leitungsstruktur<\/a><\/li>\n<\/ul>\n\n\n\n<p><\/p>","protected":false},"excerpt":{"rendered":"<p>La RIEK surgi\u00f3 en 2025 a partir de la convergencia de diversos esfuerzos acad\u00e9micos en torno al estudio del pensamiento [&hellip;]<\/p>\n","protected":false},"author":1,"featured_media":0,"parent":0,"menu_order":0,"comment_status":"closed","ping_status":"closed","template":"","meta":{"site-sidebar-layout":"default","site-content-layout":"","ast-site-content-layout":"default","site-content-style":"default","site-sidebar-style":"default","ast-global-header-display":"","ast-banner-title-visibility":"","ast-main-header-display":"","ast-hfb-above-header-display":"","ast-hfb-below-header-display":"","ast-hfb-mobile-header-display":"","site-post-title":"","ast-breadcrumbs-content":"","ast-featured-img":"","footer-sml-layout":"","ast-disable-related-posts":"","theme-transparent-header-meta":"","adv-header-id-meta":"","stick-header-meta":"","header-above-stick-meta":"","header-main-stick-meta":"","header-below-stick-meta":"","astra-migrate-meta-layouts":"default","ast-page-background-enabled":"default","ast-page-background-meta":{"desktop":{"background-color":"var(--ast-global-color-5)","background-image":"","background-repeat":"repeat","background-position":"center center","background-size":"auto","background-attachment":"scroll","background-type":"","background-media":"","overlay-type":"","overlay-color":"","overlay-opacity":"","overlay-gradient":""},"tablet":{"background-color":"","background-image":"","background-repeat":"repeat","background-position":"center center","background-size":"auto","background-attachment":"scroll","background-type":"","background-media":"","overlay-type":"","overlay-color":"","overlay-opacity":"","overlay-gradient":""},"mobile":{"background-color":"","background-image":"","background-repeat":"repeat","background-position":"center center","background-size":"auto","background-attachment":"scroll","background-type":"","background-media":"","overlay-type":"","overlay-color":"","overlay-opacity":"","overlay-gradient":""}},"ast-content-background-meta":{"desktop":{"background-color":"var(--ast-global-color-4)","background-image":"","background-repeat":"repeat","background-position":"center center","background-size":"auto","background-attachment":"scroll","background-type":"","background-media":"","overlay-type":"","overlay-color":"","overlay-opacity":"","overlay-gradient":""},"tablet":{"background-color":"var(--ast-global-color-4)","background-image":"","background-repeat":"repeat","background-position":"center center","background-size":"auto","background-attachment":"scroll","background-type":"","background-media":"","overlay-type":"","overlay-color":"","overlay-opacity":"","overlay-gradient":""},"mobile":{"background-color":"var(--ast-global-color-4)","background-image":"","background-repeat":"repeat","background-position":"center center","background-size":"auto","background-attachment":"scroll","background-type":"","background-media":"","overlay-type":"","overlay-color":"","overlay-opacity":"","overlay-gradient":""}},"footnotes":""},"class_list":["post-92","page","type-page","status-publish","hentry"],"aioseo_notices":[],"_hostinger_reach_plugin_has_subscription_block":false,"_hostinger_reach_plugin_is_elementor":false,"_links":{"self":[{"href":"https:\/\/neu.riek-kelsen.org\/de\/wp-json\/wp\/v2\/pages\/92","targetHints":{"allow":["GET"]}}],"collection":[{"href":"https:\/\/neu.riek-kelsen.org\/de\/wp-json\/wp\/v2\/pages"}],"about":[{"href":"https:\/\/neu.riek-kelsen.org\/de\/wp-json\/wp\/v2\/types\/page"}],"author":[{"embeddable":true,"href":"https:\/\/neu.riek-kelsen.org\/de\/wp-json\/wp\/v2\/users\/1"}],"replies":[{"embeddable":true,"href":"https:\/\/neu.riek-kelsen.org\/de\/wp-json\/wp\/v2\/comments?post=92"}],"version-history":[{"count":3,"href":"https:\/\/neu.riek-kelsen.org\/de\/wp-json\/wp\/v2\/pages\/92\/revisions"}],"predecessor-version":[{"id":238,"href":"https:\/\/neu.riek-kelsen.org\/de\/wp-json\/wp\/v2\/pages\/92\/revisions\/238"}],"wp:attachment":[{"href":"https:\/\/neu.riek-kelsen.org\/de\/wp-json\/wp\/v2\/media?parent=92"}],"curies":[{"name":"wp","href":"https:\/\/api.w.org\/{rel}","templated":true}]}}