{"id":90,"date":"2026-02-18T15:46:25","date_gmt":"2026-02-18T14:46:25","guid":{"rendered":"https:\/\/neu.riek-kelsen.org\/?page_id=90"},"modified":"2026-02-20T03:01:02","modified_gmt":"2026-02-20T02:01:02","slug":"objetivos","status":"publish","type":"page","link":"https:\/\/neu.riek-kelsen.org\/de\/objetivos\/","title":{"rendered":"Ziele"},"content":{"rendered":"<p>Das Netzwerk RIEK verfolgt folgende Ziele:<\/p>\n\n\n\n<ol class=\"wp-block-list\">\n<li>eine gemeinsame akademische Plattform f\u00fcr die Kelsen-Forschung im iberoamerikanischen Raum zu konsolidieren.<\/li>\n\n\n\n<li><span style=\"font-size: 1rem;\">die wissenschaftliche Forschung in Rechtstheorie und Rechtsphilosophie mit besonderer Ber\u00fccksichtigung der Tradition der Wiener rechtstheoretischen Schule zu f\u00f6rdern.<\/span><\/li>\n\n\n\n<li><span style=\"font-size: 1rem;\">den akademischen Austausch zwischen Forschenden und Institutionen des iberoamerikanischen Raums zu erleichtern sowie deren Vernetzung mit spezialisierten europ\u00e4ischen Einrichtungen zu unterst\u00fctzen.<\/span><\/li>\n\n\n\n<li><span style=\"font-size: 1rem;\">die Ver\u00f6ffentlichung und Verbreitung von Forschungsarbeiten, Studien und editorischen Projekten voranzubringen.<\/span><\/li>\n\n\n\n<li><span style=\"font-size: 1rem;\">Kongresse, Seminare und sonstige wissenschaftliche Veranstaltungen in Pr\u00e4senz- und Online-Form durchzuf\u00fchren.<\/span><\/li>\n\n\n\n<li>die akademische Kontinuit\u00e4t, die wissenschaftliche Qualit\u00e4t und die institutionelle Legitimit\u00e4t des Netzwerks zu gew\u00e4hrleisten.<\/li>\n<\/ol>\n\n\n\n<ul class=\"wp-block-list\">\n<li><a href=\"https:\/\/neu.riek-kelsen.org\/de\/mision-y-vision\/\" target=\"_blank\" rel=\"noopener\" title=\"Mission und Vision\">Mission und Vision<\/a><\/li>\n\n\n\n<li><a href=\"https:\/\/neu.riek-kelsen.org\/de\/historia\/\" target=\"_blank\" rel=\"noopener\" title=\"Geschichte\">Geschichte<\/a><\/li>\n\n\n\n<li><a href=\"https:\/\/neu.riek-kelsen.org\/de\/gobernanza\/\" target=\"_blank\" rel=\"noopener\" title=\"Leitungsstruktur\">Leitungsstruktur<\/a><\/li>\n<\/ul>\n\n\n\n<p><\/p>","protected":false},"excerpt":{"rendered":"<p>Das Netzwerk RIEK verfolgt folgende Ziele:<\/p>","protected":false},"author":1,"featured_media":0,"parent":0,"menu_order":0,"comment_status":"closed","ping_status":"closed","template":"","meta":{"site-sidebar-layout":"default","site-content-layout":"","ast-site-content-layout":"default","site-content-style":"default","site-sidebar-style":"default","ast-global-header-display":"","ast-banner-title-visibility":"","ast-main-header-display":"","ast-hfb-above-header-display":"","ast-hfb-below-header-display":"","ast-hfb-mobile-header-display":"","site-post-title":"","ast-breadcrumbs-content":"","ast-featured-img":"","footer-sml-layout":"","ast-disable-related-posts":"","theme-transparent-header-meta":"","adv-header-id-meta":"","stick-header-meta":"","header-above-stick-meta":"","header-main-stick-meta":"","header-below-stick-meta":"","astra-migrate-meta-layouts":"default","ast-page-background-enabled":"default","ast-page-background-meta":{"desktop":{"background-color":"var(--ast-global-color-5)","background-image":"","background-repeat":"repeat","background-position":"center center","background-size":"auto","background-attachment":"scroll","background-type":"","background-media":"","overlay-type":"","overlay-color":"","overlay-opacity":"","overlay-gradient":""},"tablet":{"background-color":"","background-image":"","background-repeat":"repeat","background-position":"center center","background-size":"auto","background-attachment":"scroll","background-type":"","background-media":"","overlay-type":"","overlay-color":"","overlay-opacity":"","overlay-gradient":""},"mobile":{"background-color":"","background-image":"","background-repeat":"repeat","background-position":"center center","background-size":"auto","background-attachment":"scroll","background-type":"","background-media":"","overlay-type":"","overlay-color":"","overlay-opacity":"","overlay-gradient":""}},"ast-content-background-meta":{"desktop":{"background-color":"var(--ast-global-color-4)","background-image":"","background-repeat":"repeat","background-position":"center center","background-size":"auto","background-attachment":"scroll","background-type":"","background-media":"","overlay-type":"","overlay-color":"","overlay-opacity":"","overlay-gradient":""},"tablet":{"background-color":"var(--ast-global-color-4)","background-image":"","background-repeat":"repeat","background-position":"center center","background-size":"auto","background-attachment":"scroll","background-type":"","background-media":"","overlay-type":"","overlay-color":"","overlay-opacity":"","overlay-gradient":""},"mobile":{"background-color":"var(--ast-global-color-4)","background-image":"","background-repeat":"repeat","background-position":"center center","background-size":"auto","background-attachment":"scroll","background-type":"","background-media":"","overlay-type":"","overlay-color":"","overlay-opacity":"","overlay-gradient":""}},"footnotes":""},"class_list":["post-90","page","type-page","status-publish","hentry"],"aioseo_notices":[],"_hostinger_reach_plugin_has_subscription_block":false,"_hostinger_reach_plugin_is_elementor":false,"_links":{"self":[{"href":"https:\/\/neu.riek-kelsen.org\/de\/wp-json\/wp\/v2\/pages\/90","targetHints":{"allow":["GET"]}}],"collection":[{"href":"https:\/\/neu.riek-kelsen.org\/de\/wp-json\/wp\/v2\/pages"}],"about":[{"href":"https:\/\/neu.riek-kelsen.org\/de\/wp-json\/wp\/v2\/types\/page"}],"author":[{"embeddable":true,"href":"https:\/\/neu.riek-kelsen.org\/de\/wp-json\/wp\/v2\/users\/1"}],"replies":[{"embeddable":true,"href":"https:\/\/neu.riek-kelsen.org\/de\/wp-json\/wp\/v2\/comments?post=90"}],"version-history":[{"count":3,"href":"https:\/\/neu.riek-kelsen.org\/de\/wp-json\/wp\/v2\/pages\/90\/revisions"}],"predecessor-version":[{"id":237,"href":"https:\/\/neu.riek-kelsen.org\/de\/wp-json\/wp\/v2\/pages\/90\/revisions\/237"}],"wp:attachment":[{"href":"https:\/\/neu.riek-kelsen.org\/de\/wp-json\/wp\/v2\/media?parent=90"}],"curies":[{"name":"wp","href":"https:\/\/api.w.org\/{rel}","templated":true}]}}