{"id":23,"date":"2026-02-18T01:54:24","date_gmt":"2026-02-18T00:54:24","guid":{"rendered":"https:\/\/neu.riek-kelsen.org\/?page_id=23"},"modified":"2026-02-18T13:19:38","modified_gmt":"2026-02-18T12:19:38","slug":"inicio","status":"publish","type":"page","link":"https:\/\/neu.riek-kelsen.org\/de\/","title":{"rendered":"Startseite"},"content":{"rendered":"<h2 class=\"wp-block-heading has-medium-font-size\"><strong>RIEK<\/strong><\/h2>\n\n\n\n<p>Iberoamerikanisches Netzwerk f\u00fcr Studien zu Hans Kelsen und zur Wiener Schule der Rechtstheorie<\/p>\n\n\n\n<p>Das Netzwerk RIEK ist eine internationale wissenschaftliche Plattform zur F\u00f6rderung, Erforschung und Verbreitung des Denkens von Hans Kelsen sowie der Wiener rechtstheoretischen Schule im iberoamerikanischen Raum.<\/p>\n\n\n\n<p>Sein Ziel ist die nachhaltige Vernetzung von Universit\u00e4ten, Forschungszentren und Spezialisten der Rechtstheorie sowie die F\u00f6rderung des wissenschaftlichen Austauschs, der internationalen Zusammenarbeit und langfristiger Forschungs- und Editionsprojekte.<\/p>\n\n\n\n<p>Das Netzwerk RIEK ist als f\u00f6deral aufgebaute Struktur nationaler und regionaler Kapitel konzipiert, die innerhalb einer gemeinsamen institutionellen Architektur koordiniert werden. Jedes Kapitel entwickelt eigenst\u00e4ndige wissenschaftliche T\u00e4tigkeiten im Einklang mit den \u00fcbergeordneten Zielsetzungen des Netzwerks.<\/p>\n\n\n\n<p>Der I. Kongress der RIEK wurde vom 4. bis 6. Februar 2026 in Bogot\u00e1 und Medell\u00edn (Kolumbien) abgehalten. Der II. Kongress ist derzeit in Vorbereitung.<\/p>\n\n\n\n<p>Das Netzwerk RIEK verfolgt das Ziel, sich im iberoamerikanischen Raum als zentrale Referenz f\u00fcr die Kelsen-Forschung und f\u00fcr die Erforschung der Vertreter der Wiener rechtstheoretischen Schule zu etablieren und den akademischen Dialog zwischen Europa und Lateinamerika langfristig zu f\u00f6rdern.<\/p>","protected":false},"excerpt":{"rendered":"<p>RIEK Red Iberoamericana de Estudios sobre Hans Kelsen y la Escuela de Viena de Teor\u00eda del Derecho La RIEK es [&hellip;]<\/p>\n","protected":false},"author":1,"featured_media":0,"parent":0,"menu_order":0,"comment_status":"closed","ping_status":"closed","template":"","meta":{"site-sidebar-layout":"default","site-content-layout":"","ast-site-content-layout":"default","site-content-style":"default","site-sidebar-style":"default","ast-global-header-display":"","ast-banner-title-visibility":"","ast-main-header-display":"","ast-hfb-above-header-display":"","ast-hfb-below-header-display":"","ast-hfb-mobile-header-display":"","site-post-title":"","ast-breadcrumbs-content":"","ast-featured-img":"","footer-sml-layout":"","ast-disable-related-posts":"","theme-transparent-header-meta":"","adv-header-id-meta":"","stick-header-meta":"","header-above-stick-meta":"","header-main-stick-meta":"","header-below-stick-meta":"","astra-migrate-meta-layouts":"default","ast-page-background-enabled":"default","ast-page-background-meta":{"desktop":{"background-color":"var(--ast-global-color-5)","background-image":"","background-repeat":"repeat","background-position":"center center","background-size":"auto","background-attachment":"scroll","background-type":"","background-media":"","overlay-type":"","overlay-color":"","overlay-opacity":"","overlay-gradient":""},"tablet":{"background-color":"","background-image":"","background-repeat":"repeat","background-position":"center center","background-size":"auto","background-attachment":"scroll","background-type":"","background-media":"","overlay-type":"","overlay-color":"","overlay-opacity":"","overlay-gradient":""},"mobile":{"background-color":"","background-image":"","background-repeat":"repeat","background-position":"center center","background-size":"auto","background-attachment":"scroll","background-type":"","background-media":"","overlay-type":"","overlay-color":"","overlay-opacity":"","overlay-gradient":""}},"ast-content-background-meta":{"desktop":{"background-color":"var(--ast-global-color-4)","background-image":"","background-repeat":"repeat","background-position":"center center","background-size":"auto","background-attachment":"scroll","background-type":"","background-media":"","overlay-type":"","overlay-color":"","overlay-opacity":"","overlay-gradient":""},"tablet":{"background-color":"var(--ast-global-color-4)","background-image":"","background-repeat":"repeat","background-position":"center center","background-size":"auto","background-attachment":"scroll","background-type":"","background-media":"","overlay-type":"","overlay-color":"","overlay-opacity":"","overlay-gradient":""},"mobile":{"background-color":"var(--ast-global-color-4)","background-image":"","background-repeat":"repeat","background-position":"center center","background-size":"auto","background-attachment":"scroll","background-type":"","background-media":"","overlay-type":"","overlay-color":"","overlay-opacity":"","overlay-gradient":""}},"footnotes":""},"class_list":["post-23","page","type-page","status-publish","hentry"],"aioseo_notices":[],"_hostinger_reach_plugin_has_subscription_block":false,"_hostinger_reach_plugin_is_elementor":false,"_links":{"self":[{"href":"https:\/\/neu.riek-kelsen.org\/de\/wp-json\/wp\/v2\/pages\/23","targetHints":{"allow":["GET"]}}],"collection":[{"href":"https:\/\/neu.riek-kelsen.org\/de\/wp-json\/wp\/v2\/pages"}],"about":[{"href":"https:\/\/neu.riek-kelsen.org\/de\/wp-json\/wp\/v2\/types\/page"}],"author":[{"embeddable":true,"href":"https:\/\/neu.riek-kelsen.org\/de\/wp-json\/wp\/v2\/users\/1"}],"replies":[{"embeddable":true,"href":"https:\/\/neu.riek-kelsen.org\/de\/wp-json\/wp\/v2\/comments?post=23"}],"version-history":[{"count":3,"href":"https:\/\/neu.riek-kelsen.org\/de\/wp-json\/wp\/v2\/pages\/23\/revisions"}],"predecessor-version":[{"id":73,"href":"https:\/\/neu.riek-kelsen.org\/de\/wp-json\/wp\/v2\/pages\/23\/revisions\/73"}],"wp:attachment":[{"href":"https:\/\/neu.riek-kelsen.org\/de\/wp-json\/wp\/v2\/media?parent=23"}],"curies":[{"name":"wp","href":"https:\/\/api.w.org\/{rel}","templated":true}]}}