{"id":139,"date":"2026-02-18T19:07:35","date_gmt":"2026-02-18T18:07:35","guid":{"rendered":"https:\/\/neu.riek-kelsen.org\/?page_id=139"},"modified":"2026-02-21T14:01:55","modified_gmt":"2026-02-21T13:01:55","slug":"congreso-riek-2026","status":"publish","type":"page","link":"https:\/\/neu.riek-kelsen.org\/de\/congreso-riek-2026\/","title":{"rendered":"I. Kongress des Netzwerks RIEK (2026)"},"content":{"rendered":"<p><strong>\u201eHans Kelsen und die Wiener rechtstheoretische Schule: \u00d6ffentliches Recht, Frieden und Demokratie\u201c<\/strong><\/p>\n\n\n\n<hr class=\"wp-block-separator has-alpha-channel-opacity\"\/>\n\n\n\n<h3 class=\"wp-block-heading\">Ort und Datum<\/h3>\n\n\n\n<p><strong>Tag 1 \u2013 4. Februar 2026<\/strong><br>Bogot\u00e1, Universidad Externado de Colombia \u2013 Saal I 604<\/p>\n\n\n\n<p><strong>Tag 2 \u2013 5. Februar 2026<\/strong><br>Medell\u00edn, Centro C\u00edvico Plaza de la Libertad \u2013 Hauptauditorium<\/p>\n\n\n\n<p><strong>Tag 3 \u2013 6. Februar 2026<\/strong><br>Medell\u00edn, Centro C\u00edvico Plaza de la Libertad \u2013 Hauptauditorium<\/p>\n\n\n\n<hr class=\"wp-block-separator has-alpha-channel-opacity\"\/>\n\n\n\n<h3 class=\"wp-block-heading\">Beschreibung<\/h3>\n\n\n\n<p>Der I. Kongress des Netzwerks RIEK brachte Forscher und Fachvertreter der Rechtstheorie aus dem iberoamerikanischen und dem europ\u00e4ischen Raum zusammen, um die Aktualit\u00e4t des Denkens von Hans Kelsen und der weiteren Vertreter der Wiener rechtstheoretischen Schule im gegenw\u00e4rtigen Diskurs \u00fcber \u00d6ffentliches Recht, Frieden und Demokratie zu er\u00f6rtern.<\/p>\n\n\n\n<p>Der Kongress stellte einen Rahmen f\u00fcr einen anspruchsvollen wissenschaftlichen Austausch dar und st\u00e4rkte den Dialog sowie die wissenschaftliche Zusammenarbeit zwischen Universit\u00e4ten und Forschungseinrichtungen.<\/p>\n\n\n\n<p>Der Kongress des Jahres 2026 markierte einen entscheidenden Meilenstein f\u00fcr die institutionelle Konsolidierung des Netzwerks RIEK.<\/p>\n\n\n\n<p>En el marco del evento tuvo lugar la Reuni\u00f3n Inaugural de la RIEK, en la cual se presentaron las bases de su articulaci\u00f3n federada y de su proyecci\u00f3n acad\u00e9mica internacional.<\/p>\n\n\n\n<hr class=\"wp-block-separator has-alpha-channel-opacity\"\/>\n\n\n\n<h3 class=\"wp-block-heading\">Ausrichtende Universit\u00e4ten<\/h3>\n\n\n\n<ul class=\"wp-block-list\">\n<li>Universidad Externado de Colombia<\/li>\n\n\n\n<li>Universidad Aut\u00f3noma Latinoamericana<\/li>\n\n\n\n<li>Universidad de Antioquia<\/li>\n\n\n\n<li>Universidad EAFIT<\/li>\n<\/ul>\n\n\n\n<hr class=\"wp-block-separator has-alpha-channel-opacity\"\/>\n\n\n\n<h3 class=\"wp-block-heading\">Institutionelle Unterst\u00fctzung und F\u00f6rderung<\/h3>\n\n\n\n<p>Der Kongress erfolgte unter akademischer Mitwirkung von:<\/p>\n\n\n\n<ul class=\"wp-block-list\">\n<li>Hans Kelsen-Institut (Wien)<\/li>\n\n\n\n<li>Hans-Kelsen-Forschungsstelle (Universit\u00e4t Freiburg)<\/li>\n<\/ul>\n\n\n\n<p>Dar\u00fcber hinaus wurde der Kongress gef\u00f6rdert von:<\/p>\n\n\n\n<ul class=\"wp-block-list\">\n<li>\u00d6sterreichische Botschaft in Kolumbien<\/li>\n\n\n\n<li>Botschaft der Bundesrepublik Deutschland in Kolumbien<\/li>\n\n\n\n<li>DAAD<\/li>\n\n\n\n<li>Fakult\u00e4t f\u00fcr Recht und Verwaltung der Universit\u00e4t \u0141\u00f3d\u017a (Polen)<\/li>\n\n\n\n<li>Stadtverwaltung Medell\u00edn \u2013 Distrikt f\u00fcr Wissenschaft, Technologie und Innovation<\/li>\n\n\n\n<li>Instituto Cultural Alexander von Humboldt<\/li>\n\n\n\n<li>Goethe-Institut<\/li>\n\n\n\n<li>Editorial Palestra<\/li>\n<\/ul>\n\n\n\n<hr class=\"wp-block-separator has-alpha-channel-opacity\"\/>\n\n\n\n<h3 class=\"wp-block-heading\">Organisationskomitee<\/h3>\n\n\n\n<h4 class=\"wp-block-heading\">Gesamtkoordination<\/h4>\n\n\n\n<p>Gonzalo Villa-Rosas (RIEK)<\/p>\n\n\n\n<h4 class=\"wp-block-heading\">Akademische Koordination und regionale Vernetzung<\/h4>\n\n\n\n<p>David Sierra Sorockinas (Universidad Aut\u00f3noma Latinoamericana \u2013 UNAULA)<\/p>\n\n\n\n<h4 class=\"wp-block-heading\">Lokale Organisationskoordination \u2013 Bogot\u00e1<\/h4>\n\n\n\n<p>Jorge Camilo Restrepo Ramos (Centro de Investigaci\u00f3n en Filosof\u00eda y Derecho \u2013 Universidad Externado de Colombia)<\/p>\n\n\n\n<h4 class=\"wp-block-heading\">Lokale Organisationskoordination \u2013 Medell\u00edn<\/h4>\n\n\n\n<p>Ana Mar\u00eda Londo\u00f1o Agudelo (Universidad de Antioquia)<\/p>\n\n\n\n<p>David Orrego Fern\u00e1ndez (Universidad de Antioquia)<\/p>\n\n\n\n<p>Juan David Franco Daza (Universidad EAFIT)<\/p>\n\n\n\n<p>Nataly Vargas Ossa (Universidad Aut\u00f3noma Latinoamericana \u2013 UNAULA)<\/p>\n\n\n\n<h4 class=\"wp-block-heading\">Technische Webentwicklung<\/h4>\n\n\n\n<p>Wissenschaftliche Arbeitsgruppen : Derecho Administrativo &amp; INGECO de&nbsp;<a href=\"https:\/\/www.unaula.edu.co\/\" target=\"_blank\" rel=\"noreferrer noopener\">UNAULA<\/a><br>RIEK \u2014 2026<\/p>\n\n\n\n<p>Technisch Verantwortlicher der Website:<br>Luis Felipe Ortiz-Clavijo<br>Medell\u00edn, Colombia<\/p>\n\n\n\n<p>luisfelipe.ortiz@unaula.edu.co<\/p>\n\n\n\n<hr class=\"wp-block-separator has-alpha-channel-opacity\"\/>\n\n\n\n<h3 class=\"wp-block-heading\"><a href=\"https:\/\/neu.riek-kelsen.org\/wp-content\/uploads\/2026\/02\/PrimerCongresoRIEK_Folleto.pdf\" target=\"_blank\" rel=\"noopener\" title=\"Institutionelles Dossier zum I. Kongress des Netzwerks RIEK \u2013 spanische Fassung (PDF)\">Institutionelles Dossier zum I. Kongress des Netzwerks RIEK \u2013 spanische Fassung (PDF)<\/a><\/h3>\n\n\n\n<p><\/p>\n\n\n\n<p><\/p>\n\n\n\n<hr class=\"wp-block-separator has-alpha-channel-opacity\"\/>\n\n\n\n<h3 class=\"wp-block-heading\">Fotodokumentation<\/h3>\n\n\n\n<p><\/p>\n\n\n\n<hr class=\"wp-block-separator has-alpha-channel-opacity\"\/>\n\n\n\n<p><a href=\"https:\/\/neu.riek-kelsen.org\/de\/segundo-congreso-riek\/\" target=\"_blank\" rel=\"noopener\" title=\"II. Kongress des Netzwerks RIEK\">II. Kongress des Netzwerks RIEK \u2013 in Vorbereitung<\/a><\/p>","protected":false},"excerpt":{"rendered":"<p>\u201cHans Kelsen y la Escuela de Viena: Derecho p\u00fablico, paz y democracia\u201d Lugar y fecha D\u00eda 1 \u2013 4 de [&hellip;]<\/p>\n","protected":false},"author":1,"featured_media":0,"parent":0,"menu_order":0,"comment_status":"closed","ping_status":"closed","template":"","meta":{"site-sidebar-layout":"default","site-content-layout":"","ast-site-content-layout":"default","site-content-style":"default","site-sidebar-style":"default","ast-global-header-display":"","ast-banner-title-visibility":"","ast-main-header-display":"","ast-hfb-above-header-display":"","ast-hfb-below-header-display":"","ast-hfb-mobile-header-display":"","site-post-title":"","ast-breadcrumbs-content":"","ast-featured-img":"","footer-sml-layout":"","ast-disable-related-posts":"","theme-transparent-header-meta":"","adv-header-id-meta":"","stick-header-meta":"","header-above-stick-meta":"","header-main-stick-meta":"","header-below-stick-meta":"","astra-migrate-meta-layouts":"default","ast-page-background-enabled":"default","ast-page-background-meta":{"desktop":{"background-color":"var(--ast-global-color-5)","background-image":"","background-repeat":"repeat","background-position":"center center","background-size":"auto","background-attachment":"scroll","background-type":"","background-media":"","overlay-type":"","overlay-color":"","overlay-opacity":"","overlay-gradient":""},"tablet":{"background-color":"","background-image":"","background-repeat":"repeat","background-position":"center center","background-size":"auto","background-attachment":"scroll","background-type":"","background-media":"","overlay-type":"","overlay-color":"","overlay-opacity":"","overlay-gradient":""},"mobile":{"background-color":"","background-image":"","background-repeat":"repeat","background-position":"center center","background-size":"auto","background-attachment":"scroll","background-type":"","background-media":"","overlay-type":"","overlay-color":"","overlay-opacity":"","overlay-gradient":""}},"ast-content-background-meta":{"desktop":{"background-color":"var(--ast-global-color-4)","background-image":"","background-repeat":"repeat","background-position":"center center","background-size":"auto","background-attachment":"scroll","background-type":"","background-media":"","overlay-type":"","overlay-color":"","overlay-opacity":"","overlay-gradient":""},"tablet":{"background-color":"var(--ast-global-color-4)","background-image":"","background-repeat":"repeat","background-position":"center center","background-size":"auto","background-attachment":"scroll","background-type":"","background-media":"","overlay-type":"","overlay-color":"","overlay-opacity":"","overlay-gradient":""},"mobile":{"background-color":"var(--ast-global-color-4)","background-image":"","background-repeat":"repeat","background-position":"center center","background-size":"auto","background-attachment":"scroll","background-type":"","background-media":"","overlay-type":"","overlay-color":"","overlay-opacity":"","overlay-gradient":""}},"footnotes":""},"class_list":["post-139","page","type-page","status-publish","hentry"],"aioseo_notices":[],"_hostinger_reach_plugin_has_subscription_block":false,"_hostinger_reach_plugin_is_elementor":false,"_links":{"self":[{"href":"https:\/\/neu.riek-kelsen.org\/de\/wp-json\/wp\/v2\/pages\/139","targetHints":{"allow":["GET"]}}],"collection":[{"href":"https:\/\/neu.riek-kelsen.org\/de\/wp-json\/wp\/v2\/pages"}],"about":[{"href":"https:\/\/neu.riek-kelsen.org\/de\/wp-json\/wp\/v2\/types\/page"}],"author":[{"embeddable":true,"href":"https:\/\/neu.riek-kelsen.org\/de\/wp-json\/wp\/v2\/users\/1"}],"replies":[{"embeddable":true,"href":"https:\/\/neu.riek-kelsen.org\/de\/wp-json\/wp\/v2\/comments?post=139"}],"version-history":[{"count":21,"href":"https:\/\/neu.riek-kelsen.org\/de\/wp-json\/wp\/v2\/pages\/139\/revisions"}],"predecessor-version":[{"id":290,"href":"https:\/\/neu.riek-kelsen.org\/de\/wp-json\/wp\/v2\/pages\/139\/revisions\/290"}],"wp:attachment":[{"href":"https:\/\/neu.riek-kelsen.org\/de\/wp-json\/wp\/v2\/media?parent=139"}],"curies":[{"name":"wp","href":"https:\/\/api.w.org\/{rel}","templated":true}]}}