{"id":116,"date":"2026-02-18T16:52:08","date_gmt":"2026-02-18T15:52:08","guid":{"rendered":"https:\/\/neu.riek-kelsen.org\/?page_id=116"},"modified":"2026-02-20T21:42:38","modified_gmt":"2026-02-20T20:42:38","slug":"secretaria-ejecutiva-riek","status":"publish","type":"page","link":"https:\/\/neu.riek-kelsen.org\/de\/secretaria-ejecutiva-riek\/","title":{"rendered":"Leitungsorgan"},"content":{"rendered":"<p>Das Leitungsorgan wird f\u00fcr die operative F\u00fchrung des Netzwerks RIEK verantwortlich sein und der Mitgliederversammlung hierarchisch untergeordnet sein.<\/p>\n\n\n\n<p>Das Leitungsorgan wird f\u00fcr die Umsetzung der von der Mitgliederversammlung gefassten Beschl\u00fcsse, f\u00fcr die administrative Koordination des Netzwerks RIEK sowie f\u00fcr die kontinuierliche Abstimmung zwischen der Mitgliederversammlung, der Internationalen Koordination und den nationalen oder regionalen Sektionen verantwortlich sein.<\/p>\n\n\n\n<p>Dar\u00fcber hinaus wird es befugt sein, f\u00fcr spezifische Angelegenheiten Ad-hoc-Aussch\u00fcsse einzuberufen, etwa f\u00fcr akademische Evaluierungen, die Organisation von Kongressen oder disziplinarische Verfahren, gem\u00e4\u00df den von der Mitgliederversammlung festgelegten Richtlinien.<\/p>\n\n\n\n<p><\/p>\n\n\n\n<ul class=\"wp-block-list\">\n<li><a href=\"https:\/\/neu.riek-kelsen.org\/de\/coordinacion-international\/\" target=\"_blank\" rel=\"noopener\" title=\"Leitungsorgan\">Internationale Koordination<\/a><\/li>\n\n\n\n<li><a href=\"https:\/\/neu.riek-kelsen.org\/de\/asamblea-general-riek\/\" target=\"_blank\" rel=\"noopener\" title=\"Mitgliederversammlung des Netzwerks RIEK\">Mitgliederversammlung des Netzwerks RIEK<\/a><\/li>\n<\/ul>\n\n\n\n<p><\/p>\n\n\n\n<p><\/p>","protected":false},"excerpt":{"rendered":"<p>La Secretar\u00eda Ejecutiva ser\u00e1 el \u00f3rgano operativo de la RIEK y depender\u00e1 jer\u00e1rquicamente de la Asamblea General. Tendr\u00e1 a su [&hellip;]<\/p>\n","protected":false},"author":1,"featured_media":0,"parent":0,"menu_order":0,"comment_status":"closed","ping_status":"closed","template":"","meta":{"site-sidebar-layout":"default","site-content-layout":"","ast-site-content-layout":"default","site-content-style":"default","site-sidebar-style":"default","ast-global-header-display":"","ast-banner-title-visibility":"","ast-main-header-display":"","ast-hfb-above-header-display":"","ast-hfb-below-header-display":"","ast-hfb-mobile-header-display":"","site-post-title":"","ast-breadcrumbs-content":"","ast-featured-img":"","footer-sml-layout":"","ast-disable-related-posts":"","theme-transparent-header-meta":"","adv-header-id-meta":"","stick-header-meta":"","header-above-stick-meta":"","header-main-stick-meta":"","header-below-stick-meta":"","astra-migrate-meta-layouts":"default","ast-page-background-enabled":"default","ast-page-background-meta":{"desktop":{"background-color":"var(--ast-global-color-5)","background-image":"","background-repeat":"repeat","background-position":"center center","background-size":"auto","background-attachment":"scroll","background-type":"","background-media":"","overlay-type":"","overlay-color":"","overlay-opacity":"","overlay-gradient":""},"tablet":{"background-color":"","background-image":"","background-repeat":"repeat","background-position":"center center","background-size":"auto","background-attachment":"scroll","background-type":"","background-media":"","overlay-type":"","overlay-color":"","overlay-opacity":"","overlay-gradient":""},"mobile":{"background-color":"","background-image":"","background-repeat":"repeat","background-position":"center center","background-size":"auto","background-attachment":"scroll","background-type":"","background-media":"","overlay-type":"","overlay-color":"","overlay-opacity":"","overlay-gradient":""}},"ast-content-background-meta":{"desktop":{"background-color":"var(--ast-global-color-4)","background-image":"","background-repeat":"repeat","background-position":"center center","background-size":"auto","background-attachment":"scroll","background-type":"","background-media":"","overlay-type":"","overlay-color":"","overlay-opacity":"","overlay-gradient":""},"tablet":{"background-color":"var(--ast-global-color-4)","background-image":"","background-repeat":"repeat","background-position":"center center","background-size":"auto","background-attachment":"scroll","background-type":"","background-media":"","overlay-type":"","overlay-color":"","overlay-opacity":"","overlay-gradient":""},"mobile":{"background-color":"var(--ast-global-color-4)","background-image":"","background-repeat":"repeat","background-position":"center center","background-size":"auto","background-attachment":"scroll","background-type":"","background-media":"","overlay-type":"","overlay-color":"","overlay-opacity":"","overlay-gradient":""}},"footnotes":""},"class_list":["post-116","page","type-page","status-publish","hentry"],"aioseo_notices":[],"_hostinger_reach_plugin_has_subscription_block":false,"_hostinger_reach_plugin_is_elementor":false,"_links":{"self":[{"href":"https:\/\/neu.riek-kelsen.org\/de\/wp-json\/wp\/v2\/pages\/116","targetHints":{"allow":["GET"]}}],"collection":[{"href":"https:\/\/neu.riek-kelsen.org\/de\/wp-json\/wp\/v2\/pages"}],"about":[{"href":"https:\/\/neu.riek-kelsen.org\/de\/wp-json\/wp\/v2\/types\/page"}],"author":[{"embeddable":true,"href":"https:\/\/neu.riek-kelsen.org\/de\/wp-json\/wp\/v2\/users\/1"}],"replies":[{"embeddable":true,"href":"https:\/\/neu.riek-kelsen.org\/de\/wp-json\/wp\/v2\/comments?post=116"}],"version-history":[{"count":13,"href":"https:\/\/neu.riek-kelsen.org\/de\/wp-json\/wp\/v2\/pages\/116\/revisions"}],"predecessor-version":[{"id":283,"href":"https:\/\/neu.riek-kelsen.org\/de\/wp-json\/wp\/v2\/pages\/116\/revisions\/283"}],"wp:attachment":[{"href":"https:\/\/neu.riek-kelsen.org\/de\/wp-json\/wp\/v2\/media?parent=116"}],"curies":[{"name":"wp","href":"https:\/\/api.w.org\/{rel}","templated":true}]}}